{"id":247,"date":"2021-08-08T19:48:41","date_gmt":"2021-08-08T17:48:41","guid":{"rendered":"https:\/\/klassehunde.de\/Blog\/?page_id=247"},"modified":"2021-12-13T17:35:01","modified_gmt":"2021-12-13T16:35:01","slug":"der-cockerspaniel","status":"publish","type":"page","link":"https:\/\/klassehunde.de\/Blog\/der-cockerspaniel\/","title":{"rendered":"Der Cockerspaniel"},"content":{"rendered":"<p><span style=\"font-size: 14pt;\">Der englische Cocker Spaniel l\u00e4\u00dft sich bis um 14. Jhd. zur\u00fcckverfolgen. Gaston III, Graf von Foix beschrieb den Cocker Spaniel als &#8222;Chiens d&#8217;oiseaux&#8220; (deutsch=Vogelhunde) oder auch als &#8222;Espainholz&#8220;. Das Wort Spaniel stammt vom altfranz\u00f6sischen Wort Espaigneul ab (\u00e9pagneuls = franz\u00f6sisch Spaniel). Das Wort Cocker stammt vom englischen Woodcock ab, das ist die Waldschnepfe, f\u00fcr die der Cocker als unerm\u00fcdlicher, passionierter St\u00f6berhund, dank seines kleinen Wuchses der Spezialist ist.<\/span><\/p>\n<p><span style=\"font-size: 14pt;\">500 Jahre sp\u00e4ter wurden die englischen Spaniels in die sieben Spanielrassen unterteilt:<\/span><\/p>\n<ul>\n<li><span style=\"font-size: 14pt;\">Culmber Spaniel<\/span><\/li>\n<li><span style=\"font-size: 14pt;\">Sussex Spaniel<\/span><\/li>\n<li><span style=\"font-size: 14pt;\">Welsh Springer Spaniel<\/span><\/li>\n<li><span style=\"font-size: 14pt;\">English Springer Spaniel<\/span><\/li>\n<li><span style=\"font-size: 14pt;\">Field Spaniel<\/span><\/li>\n<li><span style=\"font-size: 14pt;\">Irish Water Spaniel<\/span><\/li>\n<li><span style=\"font-size: 14pt;\">Cocker Spaniel<\/span><\/li>\n<\/ul>\n<p><span style=\"font-size: 14pt;\">Die Cocker Spaniel wurden offiziell 1893 durch den englisches Landesverband, den Kennel Club, aufgenommen und anerkannt.<\/span><\/p>\n<h3>Beschreibung:<\/h3>\n<p><span style=\"font-size: 14pt;\">R\u00fcden haben eine Schulterh\u00f6he von 39 bis 41 cm, H\u00fcndinnen von 38 bis 39 cm. Das Gewicht liegt zwischen 12,5 kg und 14,5 kg.<\/span><\/p>\n<p><span style=\"font-size: 14pt;\">Der Cocker hat einen rechteckigen Fang mit deutlichem Stop und breiter Nase. Die, auf H\u00f6he der gro\u00dfen braunen Augen, angesetzten Ohren, sind mit seidenartigen Haaren bedeckt. Der Hals ist muskul\u00f6s, der K\u00f6rper mi\u00dft ungef\u00e4hr gleich viel vom Widerrist bis zum Boden, wie vom Widerrist bis zur Schwanzwurzel. Die tief angesetzte Rute wurde fr\u00fcher kupiert, ist aber heute selbstverst\u00e4ndlich unkupiert und wird fr\u00f6hlich getragen. Die Beine sind reichlich befedert und die Pfoten katzenhaft rund.<\/span><\/p>\n<p><span style=\"font-size: 14pt;\">Es gibt 16 Farbvarianten beim Cocker Spaniel:<\/span><\/p>\n<p><span style=\"font-size: 14pt;\"><em><strong>Einfarbig:<\/strong><\/em><\/span><\/p>\n<p><span style=\"font-size: 14pt;\">Rot, Schwarz, Braun, Zobel<\/span><\/p>\n<p><span style=\"font-size: 14pt;\"><em><strong>Einfarbig mit Abzeichen:<\/strong><\/em><\/span><\/p>\n<p><span style=\"font-size: 14pt;\">Schwarz mit Loh, Braun mit Loh<\/span><\/p>\n<p><span style=\"font-size: 14pt;\"><em><strong>Mehrfarbig:<\/strong><\/em><\/span><\/p>\n<p><span style=\"font-size: 14pt;\">Orangeschimmel, Orange-Wei\u00df, Braunschimmel, Braun-Wei\u00df, Blauschimmel, Schwarz-Wei\u00df<\/span><\/p>\n<p><span style=\"font-size: 14pt;\"><em><strong>Mehrfarbig mit Abzeichen:<\/strong><\/em><\/span><\/p>\n<p><span style=\"font-size: 14pt;\">Schwarz-Wei\u00df mit Loh, Braun-Wei\u00df mit Loh, Blauschimmel mit Loh, Braunschimmel mit Loh.<\/span><br \/>\n<span style=\"font-size: 14pt;\">Bei einfarbigen Hunden ist ein kleiner wei\u00dfer Fleck an der Brust erlaubt.<\/span><\/p>\n<p><span style=\"font-size: 14pt;\">Sein seidiges Haar erfordert eine sorgf\u00e4ltige Pflege. Da Cocker Spaniel die Tendenz haben, schnell Fett anzusetzen und faul zu werden, mu\u00df mit viel Verstand gef\u00fcttert werden.<\/span><\/p>\n<h3>Wesen:<\/h3>\n<p><span style=\"font-size: 14pt;\">Der Cocker Spaniel ist ein gutm\u00fctiger, sanfter und sehr kinderlieber Hund mit einem freundlichen Wesen. Unerschrocken in unwegsamen Dickicht, dabei sehr ausdauernd und unerm\u00fcdlich. Er bellt wenig und ist folgsam und leichtf\u00fchrig. Der sensible Hund, mu\u00df mit viel Liebe erzogen werden.<\/span><\/p>\n<h3>Verwendung:<\/h3>\n<p><span style=\"font-size: 14pt;\">Der Cocker Spaniel war fr\u00fcher vor allem ein ausgezeichneter St\u00f6berhund und wurde wegen seiner Ausdauer, seiner Unerm\u00fcdlichkeit sowie seines perfekten Apportierens mit zartem Bi\u00df gesch\u00e4tzt. Auch heutzutage ist er ein leidenschaftlicher und vielseitiger Jagdhund geblieben, obwohl die meisten Vertreter seiner Rasse heute zu vielgeliebten Begleithunden geworden sind.<\/span><\/p>\n","protected":false},"excerpt":{"rendered":"<p>Der englische Cocker Spaniel l\u00e4\u00dft sich bis um 14. Jhd. zur\u00fcckverfolgen. Gaston III, Graf von Foix beschrieb den Cocker Spaniel als &#8222;Chiens d&#8217;oiseaux&#8220; (deutsch=Vogelhunde) oder auch als &#8222;Espainholz&#8220;. Das Wort Spaniel stammt vom altfranz\u00f6sischen Wort Espaigneul ab (\u00e9pagneuls = franz\u00f6sisch Spaniel). Das Wort Cocker stammt vom englischen Woodcock ab, das ist die Waldschnepfe, f\u00fcr die&#8230;<\/p>\n<p class=\"more-link\"><a href=\"https:\/\/klassehunde.de\/Blog\/der-cockerspaniel\/\" class=\"\"><span>Read More<\/span><i>&#43;<\/i><\/a><\/p>\n","protected":false},"author":1,"featured_media":0,"parent":0,"menu_order":0,"comment_status":"closed","ping_status":"closed","template":"","meta":{"ngg_post_thumbnail":0,"footnotes":""},"categories":[],"tags":[],"class_list":["post-247","page","type-page","status-publish","hentry"],"_links":{"self":[{"href":"https:\/\/klassehunde.de\/Blog\/wp-json\/wp\/v2\/pages\/247","targetHints":{"allow":["GET"]}}],"collection":[{"href":"https:\/\/klassehunde.de\/Blog\/wp-json\/wp\/v2\/pages"}],"about":[{"href":"https:\/\/klassehunde.de\/Blog\/wp-json\/wp\/v2\/types\/page"}],"author":[{"embeddable":true,"href":"https:\/\/klassehunde.de\/Blog\/wp-json\/wp\/v2\/users\/1"}],"replies":[{"embeddable":true,"href":"https:\/\/klassehunde.de\/Blog\/wp-json\/wp\/v2\/comments?post=247"}],"version-history":[{"count":2,"href":"https:\/\/klassehunde.de\/Blog\/wp-json\/wp\/v2\/pages\/247\/revisions"}],"predecessor-version":[{"id":1181,"href":"https:\/\/klassehunde.de\/Blog\/wp-json\/wp\/v2\/pages\/247\/revisions\/1181"}],"wp:attachment":[{"href":"https:\/\/klassehunde.de\/Blog\/wp-json\/wp\/v2\/media?parent=247"}],"wp:term":[{"taxonomy":"category","embeddable":true,"href":"https:\/\/klassehunde.de\/Blog\/wp-json\/wp\/v2\/categories?post=247"},{"taxonomy":"post_tag","embeddable":true,"href":"https:\/\/klassehunde.de\/Blog\/wp-json\/wp\/v2\/tags?post=247"}],"curies":[{"name":"wp","href":"https:\/\/api.w.org\/{rel}","templated":true}]}}