{"id":249,"date":"2021-08-08T19:50:43","date_gmt":"2021-08-08T17:50:43","guid":{"rendered":"https:\/\/klassehunde.de\/Blog\/?page_id=249"},"modified":"2021-12-13T17:40:41","modified_gmt":"2021-12-13T16:40:41","slug":"welpenkauf","status":"publish","type":"page","link":"https:\/\/klassehunde.de\/Blog\/welpenkauf\/","title":{"rendered":"Welpenkauf"},"content":{"rendered":"<p style=\"text-align: center;\"><em><strong><span style=\"font-size: 14pt;\">Anzeigen im Internet und in Tageszeitungen<\/span><\/strong><\/em><\/p>\n<p style=\"text-align: center;\"><span style=\"font-size: 14pt;\"><em>Bildsch\u00f6ne gesunde Welpen in liebevolle H\u00e4nde abzugeben.<\/em><\/span><br \/>\n<span style=\"font-size: 14pt;\"><em>Wir suchen ab sofort Hundeeltern f\u00fcr unsere 8 Wochen alten Welpen. sie sind gesund und haben altersgem\u00e4\u00dfe Wurmkuren, Impfungen und einen Chip incl. Papiere.<\/em><\/span><br \/>\n<span style=\"font-size: 14pt;\"><em>Unsere 8 Wochen alten Welpen k\u00f6nnen jetzt in liebevolle Familien abgegeben werden. Alle Welpen sind geimpft, untersucht, gechipt und entwurmt.<\/em><\/span><\/p>\n<p>&nbsp;<\/p>\n<p><span style=\"font-size: 14pt;\">Tagt\u00e4glich stolpert der aufmerksame Tierfreund im Internet und in den Tageszeitungen \u00fcber solche und \u00e4hnliche Anzeigen, in denen gesunde, gut sozialisierte Welpen zu einem Spottpreis eine neue Familie suchen. Teilweise werden sogar Hunde mit Papieren offeriert.<\/span><\/p>\n<p><span style=\"font-size: 14pt;\">Wer gerade auf der Suche nach einem neuen Familienmitglied ist, ist sicher versucht, dort sofort anzurufen und einen Besichtigungstermin auszumachen. Was kann besser sein, als neben dem Erwerb eines treuen Freundes auch noch ein Schn\u00e4ppchen zu machen. Da ist es doch schlau direkt zu zuschlagen.<\/span><\/p>\n<p><strong><span style=\"font-size: 14pt;\">Wie sieht aber die Realit\u00e4t aus?<\/span><\/strong><\/p>\n<p><span style=\"font-size: 14pt;\">Recherchiert man weiter, zeigt sich bald, dass unter den, in den Anzeigen angegebenen Telefonnummern die verschiedensten Hunderassen angeboten werden. Sp\u00e4testens jetzt sollte bei dem angehenden Welpenk\u00e4ufer s\u00e4mtliche Alarmglocken klingeln. Wie kann ein verantwortungsvoller Z\u00fcchter, der am Wohl der von ihm gez\u00fcchteten Rasse interessiert ist , der sich genau mit deren z\u00fcchterischen Problemen auseinander gesetzt hat und der das n\u00f6tige Hintergrundwissen \u00fcber diese Rasse hat, 3, 4, 5 oder mehr Hunderassen z\u00fcchten und dabei wirklich jeder Rasse gerecht werden? Und wie kann es funktionieren, dass jemand zig W\u00fcrfe, der verschiedensten Rassen gleichzeitig hat?<\/span><\/p>\n<p><span style=\"font-size: 14pt;\">Wie k\u00fcrzlich in einer Reportage bei RTL zu sehen war, verbergen sich hinter solchen Anzeigen keine seri\u00f6sen Z\u00fcchter, sondern Hundeh\u00e4ndler und Vermehrer, die nicht nur auf Kosten der Hunde, sondern am Ende auch auf Kosten der Welpenk\u00e4ufer, das schnelle Geld und ein gutes Gesch\u00e4ft machen.<\/span><\/p>\n<p><span style=\"font-size: 14pt;\">Die Welpen werden unter absolut schlimmen Bedingungen in kahlen Verschl\u00e4gen von H\u00fcndinnen geboren, deren einzige Lebensaufgabe es ist, als Geb\u00e4rmaschinen zu fungieren. Die Welpen sind nicht sozialisiert, lernen in ihren ersten Lebenswochen absolut nichts kennen und sind oftmals schwer krank. Die vollmundig angepriesenen Wurmkuren und Impfungen haben diese Hunde genauso wenig, wie einen Chip und ordentliche Papiere.<\/span><\/p>\n<p><strong><span style=\"font-size: 14pt;\">Die Konsequenz aus so einem vermeintlichen Schn\u00e4ppchen<\/span><\/strong><\/p>\n<ul>\n<li><span style=\"font-size: 14pt;\">Die Hunde sind schlecht bis gar nicht sozialisiert und oftmals extrem verhaltensgest\u00f6rt.<\/span><\/li>\n<li><span style=\"font-size: 14pt;\">Sie sind meisten krank und das kann Folge ein zigfaches des Preises, den man bei einem seri\u00f6sen Z\u00fcchter bezahlen w\u00fcrde, an Tierarztkosten erforderlich machen.<\/span><\/li>\n<li><span style=\"font-size: 14pt;\">F\u00fcr jeden aus Mitleid gekauften Welpen wird Platz gemacht f\u00fcr 3 neue Welpen.<\/span><\/li>\n<li><span style=\"font-size: 14pt;\">Die Nachfrage regelt das Angebot. So lange es Menschen gibt, die hier billig an einen Rassehund kommen wollen, so lange wird es Menschen geben, die diese Nachfrage befriedigen.<\/span><\/li>\n<li><span style=\"font-size: 14pt;\">Jeder aus Mitleid gekaufte Welpe bedeutet H\u00fcndinnen, die leiden m\u00fcssen und die unter unw\u00fcrdigen und schlimmen Umst\u00e4nden einen Wurf nach dem Anderen produzieren m\u00fcssen.<\/span><\/li>\n<li><span style=\"font-size: 14pt;\">Er bedeutet Deckr\u00fcden, die am Flie\u00dfband decken und sonst in kahlen Verschl\u00e4gen vor sich hin vegetieren.<\/span><\/li>\n<\/ul>\n<p><strong><span style=\"font-size: 14pt;\">Deswegen mein Appell an alle zuk\u00fcnftigen Welpenk\u00e4ufer.<\/span><\/strong><\/p>\n<ul>\n<li><span style=\"font-size: 14pt;\">\u00dcberlegt Euch genau, welche Rasse von Wesen und Charakter zu Euch und euren Lebensumst\u00e4nden pa\u00dft.<\/span><\/li>\n<li><span style=\"font-size: 14pt;\">Informiert Euch im Internet \u00fcber diese Rassen und deren Z\u00fcchter.<\/span><\/li>\n<li><span style=\"font-size: 14pt;\">Informiert Euch \u00fcber die verschiedenen Z\u00fcchter.<\/span><\/li>\n<li><span style=\"font-size: 14pt;\">Schaut Euch an, wie die Hunde dort gehalten werden und wie sich die Hunde des Z\u00fcchters, nicht nur die Welpen verhalten.<\/span><\/li>\n<li><span style=\"font-size: 14pt;\">Zeigt Euch der Z\u00fcchter nur die Welpen oder auch die H\u00fcndin?<\/span><\/li>\n<li><span style=\"font-size: 14pt;\">Gibt der Z\u00fcchter bereitwillig Auskunft \u00fcber den Vater der Welpen?<\/span><\/li>\n<li><span style=\"font-size: 14pt;\">Sind die f\u00fcr die jeweilige Rasse wichtigen und vorgeschriebenen Untersuchungen vor dem Deckakt durchgef\u00fchrt worden und wie sind deren Ergebnisse?<\/span><\/li>\n<li><span style=\"font-size: 14pt;\">Was m\u00f6chte der Z\u00fcchter \u00fcber Euch wissen? Interessiert es ihn, wo seine Welpen hinkommen, wie sie leben werden, wie die Lebensumst\u00e4nde sein werden?<\/span><\/li>\n<\/ul>\n<p><span style=\"font-size: 14pt;\">Aber bei all dem sollte man nicht vergessen, auch im Tierheim und bei den Tierschutzorgas warten sch\u00f6ne Hunde auf ein neues, liebevolles Zuhause. Vielleicht sitzt ja dort genau der Hund, von dem Ihr Euer Leben lang getr\u00e4umt habt.<\/span><\/p>\n<p><span style=\"font-size: 14pt;\">Gebt diesen skrupellosen Tierh\u00e4ndlern und Vermehren keine Chance. Schaut genau hin und schaut nicht weg. Nur so ist es m\u00f6glich ein St\u00fcck dazu beizutragen, diesem Leid und Elend ein Ende zu setzen.<\/span><\/p>\n","protected":false},"excerpt":{"rendered":"<p>Anzeigen im Internet und in Tageszeitungen Bildsch\u00f6ne gesunde Welpen in liebevolle H\u00e4nde abzugeben. Wir suchen ab sofort Hundeeltern f\u00fcr unsere 8 Wochen alten Welpen. sie sind gesund und haben altersgem\u00e4\u00dfe Wurmkuren, Impfungen und einen Chip incl. Papiere. Unsere 8 Wochen alten Welpen k\u00f6nnen jetzt in liebevolle Familien abgegeben werden. Alle Welpen sind geimpft, untersucht, gechipt&#8230;<\/p>\n<p class=\"more-link\"><a href=\"https:\/\/klassehunde.de\/Blog\/welpenkauf\/\" class=\"\"><span>Read More<\/span><i>&#43;<\/i><\/a><\/p>\n","protected":false},"author":1,"featured_media":0,"parent":0,"menu_order":0,"comment_status":"closed","ping_status":"closed","template":"","meta":{"ngg_post_thumbnail":0,"footnotes":""},"categories":[],"tags":[],"class_list":["post-249","page","type-page","status-publish","hentry"],"_links":{"self":[{"href":"https:\/\/klassehunde.de\/Blog\/wp-json\/wp\/v2\/pages\/249","targetHints":{"allow":["GET"]}}],"collection":[{"href":"https:\/\/klassehunde.de\/Blog\/wp-json\/wp\/v2\/pages"}],"about":[{"href":"https:\/\/klassehunde.de\/Blog\/wp-json\/wp\/v2\/types\/page"}],"author":[{"embeddable":true,"href":"https:\/\/klassehunde.de\/Blog\/wp-json\/wp\/v2\/users\/1"}],"replies":[{"embeddable":true,"href":"https:\/\/klassehunde.de\/Blog\/wp-json\/wp\/v2\/comments?post=249"}],"version-history":[{"count":6,"href":"https:\/\/klassehunde.de\/Blog\/wp-json\/wp\/v2\/pages\/249\/revisions"}],"predecessor-version":[{"id":1186,"href":"https:\/\/klassehunde.de\/Blog\/wp-json\/wp\/v2\/pages\/249\/revisions\/1186"}],"wp:attachment":[{"href":"https:\/\/klassehunde.de\/Blog\/wp-json\/wp\/v2\/media?parent=249"}],"wp:term":[{"taxonomy":"category","embeddable":true,"href":"https:\/\/klassehunde.de\/Blog\/wp-json\/wp\/v2\/categories?post=249"},{"taxonomy":"post_tag","embeddable":true,"href":"https:\/\/klassehunde.de\/Blog\/wp-json\/wp\/v2\/tags?post=249"}],"curies":[{"name":"wp","href":"https:\/\/api.w.org\/{rel}","templated":true}]}}