{"id":258,"date":"2021-08-08T20:08:55","date_gmt":"2021-08-08T18:08:55","guid":{"rendered":"https:\/\/klassehunde.de\/Blog\/?page_id=258"},"modified":"2021-12-13T17:44:47","modified_gmt":"2021-12-13T16:44:47","slug":"unser-wohnmobil","status":"publish","type":"page","link":"https:\/\/klassehunde.de\/Blog\/unser-wohnmobil\/","title":{"rendered":"Unser Wohnmobil"},"content":{"rendered":"<p><span style=\"font-size: 14pt;\">2010 haben wir unser erstes kleines Wohnmobil gekauft. Holger hatte den \u00fcber 30 Jahre alten Fiat Ducato im Internet gefunden und am 02. Juni 2010 war es soweit, unsere Zeit als Wohnmobilisten begann. Trotz seines Alters und der Kilometer, die unser Fiat schon auf dem Buckel hatte, war er noch in Top-Form und nach einer kleinen Grundreinigung, konnte es los gehen, mit unseren Fahrten.&nbsp;<\/span><\/p>\n<p><span style=\"font-size: 14pt;\">Neben verschiedenen Kurztrips und Fahrten zu Agility-Turnieren, verbrachten wir 2011 auch unseren Urlaub im Fiat Ducato in Frankreich. Es war wundersch\u00f6n und wir denken immer wieder gerne an unseren &#8222;Kleinen&#8220; zur\u00fcck.<\/span><\/p>\n<p style=\"text-align: center;\"><span style=\"font-size: 14pt;\"><img decoding=\"async\" class=\"ngg-singlepic ngg-center\" src=\"https:\/\/klassehunde.de\/Blog\/wp-content\/gallery\/unser-wohnmobil\/WoMo_003_040610.jpg\" alt=\"WoMo_003_040610\"><\/span><\/p>\n<p><span style=\"font-size: 14pt;\">Am 02. M\u00e4rz 2012 war es soweit, nach fast 2 Jahren treuem Dienst hat unser Fiat Ducato seinen Lebensmittelpunkt ver\u00e4ndert und ist in den hohen Norden gezogen. Wir w\u00fcnschen ihm alles, alles Gute und hoffen, da\u00df er noch lange die Stra\u00dfen Europas befahren darf.<\/span><\/p>\n<p><span style=\"font-size: 14pt;\">Nat\u00fcrlich konnten wir nun auch nicht ohne WoMo bleiben und so holten wir am 17. M\u00e4rz 2012 unseren Neuen in Bayern ab. Einen Winnebago Brave 23.<\/span><\/p>\n<p style=\"text-align: center;\"><span style=\"font-size: 14pt;\"><img decoding=\"async\" class=\"ngg-singlepic ngg-center\" src=\"https:\/\/klassehunde.de\/Blog\/wp-content\/gallery\/unser-wohnmobil\/Loesnich_064_Oktober_2012.jpg\" alt=\"Loesnich_064_Oktober_2012\"><\/span><\/p>\n<p><span style=\"font-size: 14pt;\">Der Winni war 6,70 m lang plus 0,50 m f\u00fcr die Box. Sein 6,2 V8 Motor hatte 155 PS (114 kw), die er f\u00fcr das Gewicht auch brauchte. Dank des Automatikgetriebes war das Fahren im Winni wirklich ein absolut bequemes Cruisen. 2 Jahre waren wir mit ihm unterwegs. Ein tolles Wohnmobil, das wir eigentlich auch gar nicht mehr hergeben wollten, aber dann lernten wir ihn am Heiligabend 2013 kennen&#8230;&#8230;&#8230;&#8230;.einen Triple e Commander.<\/span><\/p>\n<p><span style=\"font-size: 14pt;\">Der Chef unserer Hauswerkstatt in Sachen US-Motorhome der US-Reisemobil Service in Babenhausen rief uns an und fragte, ob wir uns den Triple nicht mal anschauen m\u00f6chten, er w\u00e4re bestimmt was f\u00fcr uns. Neugierig geworden fuhren wir hin und es kam, wie es kommen mu\u00dfte, wir waren sofort verliebt in das Teil.<\/span><\/p>\n<p><span style=\"font-size: 14pt;\">Die Frage war, sollen wir oder sollen wir nicht?? Da uns der Triple e wirklich gut gefiel vereinbarten wir, da\u00df wir versuchen werden den Winnie zu verkaufen. Wenn uns das in absehbarer Zeit gelingt, dann w\u00fcrden wir den Triple e kaufen. Und so kam es, da\u00df der Winnie im Januar 2014 in sein neues Zuhause in K\u00f6ln umzog und der Triple e Commander am 04. M\u00e4rz 2014 bei uns einzog.<\/span><\/p>\n<p style=\"text-align: center;\"><span style=\"font-size: 14pt;\"><img decoding=\"async\" class=\"ngg-singlepic ngg-center\" src=\"https:\/\/klassehunde.de\/Blog\/wp-content\/gallery\/unser-wohnmobil\/Bingen_078_08.-09.03.14.jpg\" alt=\"Bingen_078_08.-09.03.14\"><\/span><\/p>\n<p><span style=\"font-size: 14pt;\">Wir haben diesen Kauf keinen Moment bereut. Der Triple e Commander hatte genau die richtige Gr\u00f6\u00dfe f\u00fcr uns und unsere Cocker und wir hatten viele sch\u00f6ne Fahrten mit ihm.<\/span><\/p>\n<p><span style=\"font-size: 14pt;\">Tja und dann kam das Jahr 2019, in dem wir nach langem \u00dcberlegen beschlossen haben, da\u00df sich der gemeinsame Weg von uns und dem Triple e Commander trennen wird. Wir haben uns die Entscheidung nicht leicht gemacht, aber irgendwie hatten wir das Gef\u00fchl, da\u00df es Zeit f\u00fcr einen Wechsel ist.<\/span><\/p>\n<p><span style=\"font-size: 14pt;\">Lange haben wir \u00fcber legt und gesucht. Unz\u00e4hlige H\u00e4ndler haben wir angefahren und ebenso unz\u00e4hlige Wohnmobile angeschaut. Bald kristallisierte sich heraus, da\u00df wir unbedingt eine WoMo ohne Hubbett und Eckbank haben wollten. Die 2019 neu aufkommenden Face-to-Face-B\u00e4nke hatte es uns angetan. Langer Rede, kurzer Sinn, im August fuhren wir nach Landsberg am Lech zu dem Wohnmobilh\u00e4ndler La Marca, der die neuesten Modelle des Granduca da hatte. Und es kam wie es kommen mu\u00dfte, wir waren hellauf begeistert von diesem Wohnmobil und seinem Innenausbau und haben &#8222;unseren&#8220; Granduca bestellt.&nbsp;<\/span><\/p>\n<p><span style=\"font-size: 14pt;\">2020 im Februar konnten wir, voller Vorfreude, das Wohnmobil abholen, da\u00df wir unsere 1. Fahrt damit erst an Pfingsten machen konnten ahnten wir da noch nicht. Einen Bericht von der Abholung des Granduca findet Ihr&nbsp;<a href=\"https:\/\/klassehunde.de\/Blog\/2020\/02\/09\/endlich-ist-er-da\/\">hier.<\/a><\/span><\/p>\n<p><span style=\"font-size: 14pt;\"><img loading=\"lazy\" decoding=\"async\" class=\"ngg-singlepic ngg-center aligncenter\" src=\"https:\/\/klassehunde.de\/Blog\/wp-content\/gallery\/unser-wohnmobil\/1160813.jpg\" alt=\"1160813\" width=\"1000\" height=\"563\"><\/span><\/p>\n","protected":false},"excerpt":{"rendered":"<p>2010 haben wir unser erstes kleines Wohnmobil gekauft. Holger hatte den \u00fcber 30 Jahre alten Fiat Ducato im Internet gefunden und am 02. Juni 2010 war es soweit, unsere Zeit als Wohnmobilisten begann. Trotz seines Alters und der Kilometer, die unser Fiat schon auf dem Buckel hatte, war er noch in Top-Form und nach einer&#8230;<\/p>\n<p class=\"more-link\"><a href=\"https:\/\/klassehunde.de\/Blog\/unser-wohnmobil\/\" class=\"\"><span>Read More<\/span><i>&#43;<\/i><\/a><\/p>\n","protected":false},"author":1,"featured_media":0,"parent":0,"menu_order":0,"comment_status":"closed","ping_status":"closed","template":"","meta":{"ngg_post_thumbnail":0,"footnotes":""},"categories":[],"tags":[],"class_list":["post-258","page","type-page","status-publish","hentry"],"_links":{"self":[{"href":"https:\/\/klassehunde.de\/Blog\/wp-json\/wp\/v2\/pages\/258","targetHints":{"allow":["GET"]}}],"collection":[{"href":"https:\/\/klassehunde.de\/Blog\/wp-json\/wp\/v2\/pages"}],"about":[{"href":"https:\/\/klassehunde.de\/Blog\/wp-json\/wp\/v2\/types\/page"}],"author":[{"embeddable":true,"href":"https:\/\/klassehunde.de\/Blog\/wp-json\/wp\/v2\/users\/1"}],"replies":[{"embeddable":true,"href":"https:\/\/klassehunde.de\/Blog\/wp-json\/wp\/v2\/comments?post=258"}],"version-history":[{"count":5,"href":"https:\/\/klassehunde.de\/Blog\/wp-json\/wp\/v2\/pages\/258\/revisions"}],"predecessor-version":[{"id":1189,"href":"https:\/\/klassehunde.de\/Blog\/wp-json\/wp\/v2\/pages\/258\/revisions\/1189"}],"wp:attachment":[{"href":"https:\/\/klassehunde.de\/Blog\/wp-json\/wp\/v2\/media?parent=258"}],"wp:term":[{"taxonomy":"category","embeddable":true,"href":"https:\/\/klassehunde.de\/Blog\/wp-json\/wp\/v2\/categories?post=258"},{"taxonomy":"post_tag","embeddable":true,"href":"https:\/\/klassehunde.de\/Blog\/wp-json\/wp\/v2\/tags?post=258"}],"curies":[{"name":"wp","href":"https:\/\/api.w.org\/{rel}","templated":true}]}}