{"id":485,"date":"2021-08-18T01:04:07","date_gmt":"2021-08-17T23:04:07","guid":{"rendered":"https:\/\/klassehunde.de\/Blog\/?page_id=485"},"modified":"2021-08-18T23:10:21","modified_gmt":"2021-08-18T21:10:21","slug":"blogroll","status":"publish","type":"page","link":"https:\/\/klassehunde.de\/Blog\/blogroll\/","title":{"rendered":"Blogroll"},"content":{"rendered":"<div id=\"pl-485\"  class=\"panel-layout\" ><div id=\"pg-485-0\"  class=\"panel-grid panel-no-style\" ><div id=\"pgc-485-0-0\"  class=\"panel-grid-cell\" ><div id=\"linkcat-20\" class=\"so-panel widget widget_links panel-first-child panel-last-child\" data-index=\"0\" ><h3 class=\"widget-title\">Agility<\/h3>\n\t<ul class='xoxo blogroll'>\n<li><a href=\"http:\/\/hundefreunde-undenheim.de\" title=\"Unser Agilityverein\" target=\"_blank\">Hundefreunde Undenheim e.V.<\/a>\nUnser Agilityverein<\/li>\n\n\t<\/ul>\n<\/div>\n<div id=\"linkcat-19\" class=\"so-panel widget widget_links panel-first-child panel-last-child\" data-index=\"0\" ><h3 class=\"widget-title\">Freunde<\/h3>\n\t<ul class='xoxo blogroll'>\n<li><a href=\"http:\/\/famlog.de\" rel=\"friend\" target=\"_blank\">Famlog<\/a><\/li>\n<li><a href=\"http:\/\/mogwais-castle.de\" title=\"Die HP des Bordercollie-Kennels Mogwais\" target=\"_blank\">Mogwais Border Collies<\/a>\nDie HP des Bordercollie-Kennels Mogwais<\/li>\n\n\t<\/ul>\n<\/div>\n<div id=\"linkcat-21\" class=\"so-panel widget widget_links panel-first-child panel-last-child\" data-index=\"0\" ><h3 class=\"widget-title\">Hunde<\/h3>\n\t<ul class='xoxo blogroll'>\n<li><a href=\"http:\/\/cocker-von-roohan.de\/home.html\" rel=\"friend met\" title=\"Der Kennel unserer Cockerdamen\" target=\"_blank\">Cocker von Roohan<\/a>\nDer Kennel unserer Cockerdamen<\/li>\n<li><a href=\"http:\/\/cockerclub.de\/\" title=\"Der Verband in dem die Cocker von Roohan gez\u00fcchtet werden.\" target=\"_blank\">Der Cockerclub<\/a>\nDer Verband in dem die Cocker von Roohan gez\u00fcchtet werden.<\/li>\n<li><a href=\"http:\/\/spass-mit-hund.de\" title=\"Eine HP auf der man viele Infos zur Besch\u00e4ftigung f\u00fcr den Hund findet.\" target=\"_blank\">Spass mit Hund<\/a>\nEine HP auf der man viele Infos zur Besch\u00e4ftigung f\u00fcr den Hund findet.<\/li>\n\n\t<\/ul>\n<\/div>\n<\/div><\/div><\/div>","protected":false},"excerpt":{"rendered":"<p>Agility Hundefreunde Undenheim e.V. Unser Agilityverein Freunde Famlog Mogwais Border Collies Die HP des Bordercollie-Kennels Mogwais Hunde Cocker von Roohan Der Kennel unserer Cockerdamen Der Cockerclub Der Verband in dem die Cocker von Roohan gez\u00fcchtet werden. Spass mit Hund Eine HP auf der man viele Infos zur Besch\u00e4ftigung f\u00fcr den Hund findet.<\/p>\n","protected":false},"author":1,"featured_media":0,"parent":0,"menu_order":0,"comment_status":"closed","ping_status":"closed","template":"","meta":{"ngg_post_thumbnail":0,"footnotes":""},"categories":[],"tags":[],"class_list":["post-485","page","type-page","status-publish","hentry"],"_links":{"self":[{"href":"https:\/\/klassehunde.de\/Blog\/wp-json\/wp\/v2\/pages\/485","targetHints":{"allow":["GET"]}}],"collection":[{"href":"https:\/\/klassehunde.de\/Blog\/wp-json\/wp\/v2\/pages"}],"about":[{"href":"https:\/\/klassehunde.de\/Blog\/wp-json\/wp\/v2\/types\/page"}],"author":[{"embeddable":true,"href":"https:\/\/klassehunde.de\/Blog\/wp-json\/wp\/v2\/users\/1"}],"replies":[{"embeddable":true,"href":"https:\/\/klassehunde.de\/Blog\/wp-json\/wp\/v2\/comments?post=485"}],"version-history":[{"count":2,"href":"https:\/\/klassehunde.de\/Blog\/wp-json\/wp\/v2\/pages\/485\/revisions"}],"predecessor-version":[{"id":487,"href":"https:\/\/klassehunde.de\/Blog\/wp-json\/wp\/v2\/pages\/485\/revisions\/487"}],"wp:attachment":[{"href":"https:\/\/klassehunde.de\/Blog\/wp-json\/wp\/v2\/media?parent=485"}],"wp:term":[{"taxonomy":"category","embeddable":true,"href":"https:\/\/klassehunde.de\/Blog\/wp-json\/wp\/v2\/categories?post=485"},{"taxonomy":"post_tag","embeddable":true,"href":"https:\/\/klassehunde.de\/Blog\/wp-json\/wp\/v2\/tags?post=485"}],"curies":[{"name":"wp","href":"https:\/\/api.w.org\/{rel}","templated":true}]}}