{"id":57,"date":"2021-08-05T13:41:53","date_gmt":"2021-08-05T11:41:53","guid":{"rendered":"https:\/\/klassehunde.de\/Blog\/?page_id=57"},"modified":"2021-12-13T17:32:11","modified_gmt":"2021-12-13T16:32:11","slug":"wir-ueber-uns","status":"publish","type":"page","link":"https:\/\/klassehunde.de\/Blog\/wir-ueber-uns\/","title":{"rendered":"Wir \u00fcber uns"},"content":{"rendered":"<p><span style=\"font-size: 14pt;\">Wir, das sind Daniela und Holger, gepr\u00fcfte und zertifizierte Futternapff\u00fcller unserer beiden Cockernasen Sira und Holy.<\/span><\/p>\n<p><span style=\"font-size: 14pt;\">Wir leben in Zornheim, einer kleinen Weinbaugemeinde in der N\u00e4he der rheinland-pf\u00e4lzischen Landeshauptstadt Mainz. Holger ist mit Hunden aufgewachsen und auch mir wurde die Tierliebe sozusagen in die Wiege gelegt und mein Traum war es schon immer, einen eigenen Hund zu haben<\/span><\/p>\n<p><span style=\"font-size: 14pt;\">Immerhin bekam ich eine Katze und sp\u00e4ter als ich erwachsen war, konnte ich mir endlich meinen Traum erf\u00fcllen und holte den ersten Hund aus dem Tierheim. So hatte ich das Vergn\u00fcgen, im Laufe der Jahre mit verschiedenen Hunden mein Leben zu teilen. Alle waren wichtige Wegbegleiter in meinem Leben und sie haben alle einen Platz in meinem Herzen behalten.<\/span><\/p>\n<p><span style=\"font-size: 14pt;\">Als Holger und ich uns kennen lernten blieb ihm eigentlich nur eine Wahl, entweder er nahm mich mitsamt meiner damaligen Hunde Felix und Struppi oder er lie\u00df es bleiben. Zu unserem Gl\u00fcck, hat er sich f\u00fcr mich und die Hunde entschieden. Inzwischen sind Felix und Struppi l\u00e4ngst \u00fcber die Regenbogenbr\u00fccke gegangen und die Cocker haben sich in unser Leben geschlichen.<\/span><\/p>\n<p><span style=\"font-size: 14pt;\">Neben den Hunden und Agility, liebe ich B\u00fccher, mache Hundeleinen aus Paracord und Hohlflechtseil und f\u00e4dele Schmuck mit Perlen.<\/span><\/p>\n<p><span style=\"font-size: 14pt;\">Bis Ende 2014 waren Velvet und ich das Jahr \u00fcber flei\u00dfig auf Agility-Turnieren unterwegs, oft in Begleitung von Holger und Silky, die uns dann anfeuerten und unsere L\u00e4ufe gefilmt haben. Leider hat eine Verletzung unserem Turnierleben Anfang 2015 ein j\u00e4hes Ende bereitet, so da\u00df wir jetzt mit unserem Wohnmobil &#8222;nur&#8220; noch privat unterwegs sind, was dem Spa\u00df daran nat\u00fcrlich keinen Abbruch tut. Auch Sira und Holy machen mit gro\u00dfer Begeisterung Agility und wenn wir auch weiterhin keine Agility-Turniere mehr melden, so haben wir am w\u00f6chentlichen Training doch sehr viel Spa\u00df.<\/span><\/p>\n<p><span style=\"font-size: 14pt;\">N\u00e4heres \u00fcber die Cockerspaniel, unser geliebtes Agility und unsere alten und unser aktuelles Wohnmobil findet Ihr hier auf der Homepage in den entsprechenden Rubriken.<\/span><\/p>\n","protected":false},"excerpt":{"rendered":"<p>Wir, das sind Daniela und Holger, gepr\u00fcfte und zertifizierte Futternapff\u00fcller unserer beiden Cockernasen Sira und Holy. Wir leben in Zornheim, einer kleinen Weinbaugemeinde in der N\u00e4he der rheinland-pf\u00e4lzischen Landeshauptstadt Mainz. Holger ist mit Hunden aufgewachsen und auch mir wurde die Tierliebe sozusagen in die Wiege gelegt und mein Traum war es schon immer, einen eigenen&#8230;<\/p>\n<p class=\"more-link\"><a href=\"https:\/\/klassehunde.de\/Blog\/wir-ueber-uns\/\" class=\"\"><span>Read More<\/span><i>&#43;<\/i><\/a><\/p>\n","protected":false},"author":1,"featured_media":0,"parent":0,"menu_order":0,"comment_status":"closed","ping_status":"closed","template":"","meta":{"ngg_post_thumbnail":0,"footnotes":""},"categories":[],"tags":[],"class_list":["post-57","page","type-page","status-publish","hentry"],"_links":{"self":[{"href":"https:\/\/klassehunde.de\/Blog\/wp-json\/wp\/v2\/pages\/57","targetHints":{"allow":["GET"]}}],"collection":[{"href":"https:\/\/klassehunde.de\/Blog\/wp-json\/wp\/v2\/pages"}],"about":[{"href":"https:\/\/klassehunde.de\/Blog\/wp-json\/wp\/v2\/types\/page"}],"author":[{"embeddable":true,"href":"https:\/\/klassehunde.de\/Blog\/wp-json\/wp\/v2\/users\/1"}],"replies":[{"embeddable":true,"href":"https:\/\/klassehunde.de\/Blog\/wp-json\/wp\/v2\/comments?post=57"}],"version-history":[{"count":2,"href":"https:\/\/klassehunde.de\/Blog\/wp-json\/wp\/v2\/pages\/57\/revisions"}],"predecessor-version":[{"id":1179,"href":"https:\/\/klassehunde.de\/Blog\/wp-json\/wp\/v2\/pages\/57\/revisions\/1179"}],"wp:attachment":[{"href":"https:\/\/klassehunde.de\/Blog\/wp-json\/wp\/v2\/media?parent=57"}],"wp:term":[{"taxonomy":"category","embeddable":true,"href":"https:\/\/klassehunde.de\/Blog\/wp-json\/wp\/v2\/categories?post=57"},{"taxonomy":"post_tag","embeddable":true,"href":"https:\/\/klassehunde.de\/Blog\/wp-json\/wp\/v2\/tags?post=57"}],"curies":[{"name":"wp","href":"https:\/\/api.w.org\/{rel}","templated":true}]}}